{"id":3068,"date":"2024-07-18T12:03:43","date_gmt":"2024-07-18T12:03:43","guid":{"rendered":"https:\/\/siegberg.org\/?page_id=3068"},"modified":"2024-07-18T12:37:19","modified_gmt":"2024-07-18T12:37:19","slug":"startseite","status":"publish","type":"page","link":"https:\/\/siegberg.org\/","title":{"rendered":""},"content":{"rendered":"\n<div class=\"wp-block-cover aligncenter is-light\" style=\"min-height:381px\"><span aria-hidden=\"true\" class=\"wp-block-cover__background has-white-background-color has-background-dim-100 has-background-dim\"><\/span><div class=\"wp-block-cover__inner-container\">\n<h1 class=\"has-text-align-center has-text-color has-x-large-font-size\" style=\"color:#3c8c03\">Herzlich Willkommen!<\/h1>\n\n\n\n<p class=\"has-text-align-center has-medium-font-size\">Wir als Siegberger stehen f\u00fcr Gemeinschaft, Tradition und akademische F\u00f6rderung im christlichen Geist. Bei uns findest du ein starkes Netzwerk aus engagierten Sch\u00fclern, Sch\u00fclerinnen und Absolventen, die sich f\u00fcr Bildung, pers\u00f6nliche Entwicklung und soziales Engagement einsetzen. Wir lehnen Gewalt (wie das studentische Fechten) ab und legen Wert auf Freundschaft, Toleranz und gegenseitige Unterst\u00fctzung. Erlebe unvergessliche Momente und werde Teil einer Gemeinschaft, die lebenslange Werte und Verbindungen schafft.<\/p>\n<\/div><\/div>\n\n\n\n<h2 class=\"has-text-align-center\">Neugierig geworden?<\/h2>\n\n\n\n<div style=\"height:21px\" aria-hidden=\"true\" class=\"wp-block-spacer\"><\/div>\n\n\n\n<div class=\"is-content-justification-center is-layout-flex wp-container-1 wp-block-buttons\">\n<div class=\"wp-block-button\"><a class=\"wp-block-button__link has-background wp-element-button\" href=\"\/index.php\/veranstaltungen\" style=\"background-color:#3c8c03\" rel=\"\">Unsere Veranstaltungen<\/a><\/div>\n\n\n\n<div class=\"wp-block-button\"><a class=\"wp-block-button__link has-background wp-element-button\" href=\"\/index.php\/kontakt\" style=\"background-color:#3c8c03\">Kontaktiere uns!<\/a><\/div>\n<\/div>\n\n\n\n<div style=\"height:100px\" aria-hidden=\"true\" class=\"wp-block-spacer\"><\/div>\n\n\n\n<h2 class=\"has-text-align-center\">Eindr\u00fccke aus den letzten Semestern:<\/h2>\n\n\n\n<div style=\"height:21px\" aria-hidden=\"true\" class=\"wp-block-spacer\"><\/div>\n\n\n\n<div class=\"is-layout-flex wp-container-5 wp-block-columns\">\n<div class=\"is-layout-flow wp-block-column\">\n<figure class=\"wp-block-image size-large\"><img decoding=\"async\" loading=\"lazy\" width=\"1024\" height=\"683\" src=\"https:\/\/siegberg.org\/wp-content\/uploads\/2020\/04\/IMG_1516-1024x683.jpg\" alt=\"\" class=\"wp-image-2906 img-fluid \" srcset=\"https:\/\/siegberg.org\/wp-content\/uploads\/2020\/04\/IMG_1516-1024x683.jpg 1024w, https:\/\/siegberg.org\/wp-content\/uploads\/2020\/04\/IMG_1516-300x200.jpg 300w, https:\/\/siegberg.org\/wp-content\/uploads\/2020\/04\/IMG_1516-768x512.jpg 768w, https:\/\/siegberg.org\/wp-content\/uploads\/2020\/04\/IMG_1516-1536x1024.jpg 1536w, https:\/\/siegberg.org\/wp-content\/uploads\/2020\/04\/IMG_1516.jpg 1555w\" sizes=\"(max-width: 1024px) 100vw, 1024px\" \/><\/figure>\n<\/div>\n\n\n\n<div class=\"is-layout-flow wp-block-column\">\n<figure class=\"wp-block-image size-large\"><img decoding=\"async\" loading=\"lazy\" width=\"1024\" height=\"694\" src=\"https:\/\/siegberg.org\/wp-content\/uploads\/2020\/04\/IMG_1656-2-1024x694.jpg\" alt=\"\" class=\"wp-image-2967 img-fluid \" srcset=\"https:\/\/siegberg.org\/wp-content\/uploads\/2020\/04\/IMG_1656-2-1024x694.jpg 1024w, https:\/\/siegberg.org\/wp-content\/uploads\/2020\/04\/IMG_1656-2-300x203.jpg 300w, https:\/\/siegberg.org\/wp-content\/uploads\/2020\/04\/IMG_1656-2-768x520.jpg 768w, https:\/\/siegberg.org\/wp-content\/uploads\/2020\/04\/IMG_1656-2.jpg 1172w\" sizes=\"(max-width: 1024px) 100vw, 1024px\" \/><\/figure>\n<\/div>\n\n\n\n<div class=\"is-layout-flow wp-block-column\">\n<figure class=\"wp-block-image size-large\"><img decoding=\"async\" loading=\"lazy\" width=\"1024\" height=\"683\" src=\"https:\/\/siegberg.org\/wp-content\/uploads\/2020\/04\/IMG_9680-1-1024x683.jpg\" alt=\"\" class=\"wp-image-2179 img-fluid \" srcset=\"https:\/\/siegberg.org\/wp-content\/uploads\/2020\/04\/IMG_9680-1-1024x683.jpg 1024w, https:\/\/siegberg.org\/wp-content\/uploads\/2020\/04\/IMG_9680-1-300x200.jpg 300w, https:\/\/siegberg.org\/wp-content\/uploads\/2020\/04\/IMG_9680-1-768x512.jpg 768w, https:\/\/siegberg.org\/wp-content\/uploads\/2020\/04\/IMG_9680-1-1536x1024.jpg 1536w, https:\/\/siegberg.org\/wp-content\/uploads\/2020\/04\/IMG_9680-1.jpg 1555w\" sizes=\"(max-width: 1024px) 100vw, 1024px\" \/><\/figure>\n<\/div>\n<\/div>\n<div class=\"shariff shariff-align-flex-start shariff-widget-align-flex-start\"><ul class=\"shariff-buttons theme-color orientation-horizontal buttonsize-medium\"><li class=\"shariff-button mailto shariff-nocustomcolor\" style=\"background-color:#a8a8a8\"><a href=\"mailto:?body=https%3A%2F%2Fsiegberg.org%2F&subject=\" title=\"Per E-Mail versenden\" aria-label=\"Per E-Mail versenden\" role=\"button\" rel=\"noopener nofollow\" class=\"shariff-link\" style=\"; background-color:#999; color:#fff\"><span class=\"shariff-icon\" style=\"\"><svg width=\"32px\" height=\"20px\" xmlns=\"http:\/\/www.w3.org\/2000\/svg\" viewBox=\"0 0 32 32\"><path fill=\"#999\" d=\"M32 12.7v14.2q0 1.2-0.8 2t-2 0.9h-26.3q-1.2 0-2-0.9t-0.8-2v-14.2q0.8 0.9 1.8 1.6 6.5 4.4 8.9 6.1 1 0.8 1.6 1.2t1.7 0.9 2 0.4h0.1q0.9 0 2-0.4t1.7-0.9 1.6-1.2q3-2.2 8.9-6.1 1-0.7 1.8-1.6zM32 7.4q0 1.4-0.9 2.7t-2.2 2.2q-6.7 4.7-8.4 5.8-0.2 0.1-0.7 0.5t-1 0.7-0.9 0.6-1.1 0.5-0.9 0.2h-0.1q-0.4 0-0.9-0.2t-1.1-0.5-0.9-0.6-1-0.7-0.7-0.5q-1.6-1.1-4.7-3.2t-3.6-2.6q-1.1-0.7-2.1-2t-1-2.5q0-1.4 0.7-2.3t2.1-0.9h26.3q1.2 0 2 0.8t0.9 2z\"\/><\/svg><\/span><span class=\"shariff-text\">E-Mail<\/span>&nbsp;<\/a><\/li><li class=\"shariff-button facebook shariff-nocustomcolor\" style=\"background-color:#4273c8\"><a href=\"https:\/\/www.facebook.com\/sharer\/sharer.php?u=https%3A%2F%2Fsiegberg.org%2F\" title=\"Bei Facebook teilen\" aria-label=\"Bei Facebook teilen\" role=\"button\" rel=\"nofollow\" class=\"shariff-link\" style=\"; background-color:#3b5998; color:#fff\" target=\"_blank\"><span class=\"shariff-icon\" style=\"\"><svg width=\"32px\" height=\"20px\" xmlns=\"http:\/\/www.w3.org\/2000\/svg\" viewBox=\"0 0 18 32\"><path fill=\"#3b5998\" d=\"M17.1 0.2v4.7h-2.8q-1.5 0-2.1 0.6t-0.5 1.9v3.4h5.2l-0.7 5.3h-4.5v13.6h-5.5v-13.6h-4.5v-5.3h4.5v-3.9q0-3.3 1.9-5.2t5-1.8q2.6 0 4.1 0.2z\"\/><\/svg><\/span><span class=\"shariff-text\">teilen<\/span>&nbsp;<\/a><\/li><li class=\"shariff-button twitter shariff-nocustomcolor\" style=\"background-color:#595959\"><a href=\"https:\/\/twitter.com\/share?url=https%3A%2F%2Fsiegberg.org%2F&text=\" title=\"Bei X teilen\" aria-label=\"Bei X teilen\" role=\"button\" rel=\"noopener nofollow\" class=\"shariff-link\" style=\"; background-color:#000; color:#fff\" target=\"_blank\"><span class=\"shariff-icon\" style=\"\"><svg width=\"32px\" height=\"20px\" xmlns=\"http:\/\/www.w3.org\/2000\/svg\" viewBox=\"0 0 24 24\"><path fill=\"#000\" d=\"M14.258 10.152L23.176 0h-2.113l-7.747 8.813L7.133 0H0l9.352 13.328L0 23.973h2.113l8.176-9.309 6.531 9.309h7.133zm-2.895 3.293l-.949-1.328L2.875 1.56h3.246l6.086 8.523.945 1.328 7.91 11.078h-3.246zm0 0\"\/><\/svg><\/span><span class=\"shariff-text\">teilen<\/span>&nbsp;<\/a><\/li><\/ul><\/div>","protected":false},"excerpt":{"rendered":"<p>Neugierig geworden? Eindr\u00fccke aus den letzten Semestern:<\/p>\n","protected":false},"author":4,"featured_media":0,"parent":0,"menu_order":0,"comment_status":"closed","ping_status":"closed","template":"","meta":{"ngg_post_thumbnail":0},"_links":{"self":[{"href":"https:\/\/siegberg.org\/index.php\/wp-json\/wp\/v2\/pages\/3068"}],"collection":[{"href":"https:\/\/siegberg.org\/index.php\/wp-json\/wp\/v2\/pages"}],"about":[{"href":"https:\/\/siegberg.org\/index.php\/wp-json\/wp\/v2\/types\/page"}],"author":[{"embeddable":true,"href":"https:\/\/siegberg.org\/index.php\/wp-json\/wp\/v2\/users\/4"}],"replies":[{"embeddable":true,"href":"https:\/\/siegberg.org\/index.php\/wp-json\/wp\/v2\/comments?post=3068"}],"version-history":[{"count":15,"href":"https:\/\/siegberg.org\/index.php\/wp-json\/wp\/v2\/pages\/3068\/revisions"}],"predecessor-version":[{"id":3099,"href":"https:\/\/siegberg.org\/index.php\/wp-json\/wp\/v2\/pages\/3068\/revisions\/3099"}],"wp:attachment":[{"href":"https:\/\/siegberg.org\/index.php\/wp-json\/wp\/v2\/media?parent=3068"}],"curies":[{"name":"wp","href":"https:\/\/api.w.org\/{rel}","templated":true}]}}