{"id":12,"date":"2020-04-14T19:43:31","date_gmt":"2020-04-14T19:43:31","guid":{"rendered":"http:\/\/siegberg.org\/?page_id=12"},"modified":"2020-05-10T19:16:19","modified_gmt":"2020-05-10T19:16:19","slug":"ueber-uns","status":"publish","type":"page","link":"https:\/\/siegberg.org\/index.php\/ueber-uns\/","title":{"rendered":"\u00dcber uns"},"content":{"rendered":"\n<p>Die Siegberg Dornbirn wurde 1907 gegr\u00fcndet und ist eine Mittelschulverbindung. Bei einer Verbindung kann man Verantwortung \u00fcbernehmen, eigene Ideen einbringen und viele neue Freundschaften kn\u00fcpfen. Unser Semesterprogramm beinhaltet unterschiedliche Veranstaltungen: Ausfl\u00fcge, Partys, Vortr\u00e4ge, Filmabende und vieles mehr.<\/p>\n\n\n\n<p>Unsere StudentenInnen und bereits berufst\u00e4tigen Mitglieder stehen der j\u00fcngeren Generation stets mit Rat und Tat zu Seite. Die Siegberg ist unparteiisch.<\/p>\n\n\n\n<h4>Wer kann Mitglied werden?<\/h4>\n\n\n\n<p>Sch\u00fcler und Sch\u00fclerinnen zwischen 16 und 19 Jahren, die eine h\u00f6here Schule (Gymnasium, HTL, \u2026) im Raum Dornbirn besuchen.<\/p>\n\n\n\n<h4>Stimmt es, dass alle Verbindungen fechten?<\/h4>\n\n\n\n<p>Eine Verbindung, wie die Siegberg lehnt Duell und Mensur strikt ab. \u00dcbrigens haben Mitglieder schlagender Verbindungen (Burschenschafter) bei uns Hausverbot und es gibt keine Ber\u00fchrungspunkte.<\/p>\n\n\n\n<h4>Welche Bedeutung haben die bunten B\u00e4nder und M\u00fctzen?<\/h4>\n\n\n\n<p>Das Band und auch die M\u00fctzen sind unser gemeinsames Erkennungszeichen. \u00c4hnlich wie die Sch\u00fclerInnen einer Maturaklasse tragen wir den selben Style.<\/p>\n\n\n\n<p><em>Du willst noch mehr \u00fcber uns wissen oder bei uns vorbeischauen, dann melde dich unter: info@siegberg.org<\/em><\/p>\n<div class=\"shariff shariff-align-flex-start shariff-widget-align-flex-start\"><ul class=\"shariff-buttons theme-color orientation-horizontal buttonsize-medium\"><li class=\"shariff-button mailto shariff-nocustomcolor\" style=\"background-color:#a8a8a8\"><a href=\"mailto:?body=https%3A%2F%2Fsiegberg.org%2Findex.php%2Fueber-uns%2F&subject=%C3%9Cber%20uns\" title=\"Per E-Mail versenden\" aria-label=\"Per E-Mail versenden\" role=\"button\" rel=\"noopener nofollow\" class=\"shariff-link\" style=\"; background-color:#999; color:#fff\"><span class=\"shariff-icon\" style=\"\"><svg width=\"32px\" height=\"20px\" xmlns=\"http:\/\/www.w3.org\/2000\/svg\" viewBox=\"0 0 32 32\"><path fill=\"#999\" d=\"M32 12.7v14.2q0 1.2-0.8 2t-2 0.9h-26.3q-1.2 0-2-0.9t-0.8-2v-14.2q0.8 0.9 1.8 1.6 6.5 4.4 8.9 6.1 1 0.8 1.6 1.2t1.7 0.9 2 0.4h0.1q0.9 0 2-0.4t1.7-0.9 1.6-1.2q3-2.2 8.9-6.1 1-0.7 1.8-1.6zM32 7.4q0 1.4-0.9 2.7t-2.2 2.2q-6.7 4.7-8.4 5.8-0.2 0.1-0.7 0.5t-1 0.7-0.9 0.6-1.1 0.5-0.9 0.2h-0.1q-0.4 0-0.9-0.2t-1.1-0.5-0.9-0.6-1-0.7-0.7-0.5q-1.6-1.1-4.7-3.2t-3.6-2.6q-1.1-0.7-2.1-2t-1-2.5q0-1.4 0.7-2.3t2.1-0.9h26.3q1.2 0 2 0.8t0.9 2z\"\/><\/svg><\/span><span class=\"shariff-text\">E-Mail<\/span>&nbsp;<\/a><\/li><li class=\"shariff-button facebook shariff-nocustomcolor\" style=\"background-color:#4273c8\"><a href=\"https:\/\/www.facebook.com\/sharer\/sharer.php?u=https%3A%2F%2Fsiegberg.org%2Findex.php%2Fueber-uns%2F\" title=\"Bei Facebook teilen\" aria-label=\"Bei Facebook teilen\" role=\"button\" rel=\"nofollow\" class=\"shariff-link\" style=\"; background-color:#3b5998; color:#fff\" target=\"_blank\"><span class=\"shariff-icon\" style=\"\"><svg width=\"32px\" height=\"20px\" xmlns=\"http:\/\/www.w3.org\/2000\/svg\" viewBox=\"0 0 18 32\"><path fill=\"#3b5998\" d=\"M17.1 0.2v4.7h-2.8q-1.5 0-2.1 0.6t-0.5 1.9v3.4h5.2l-0.7 5.3h-4.5v13.6h-5.5v-13.6h-4.5v-5.3h4.5v-3.9q0-3.3 1.9-5.2t5-1.8q2.6 0 4.1 0.2z\"\/><\/svg><\/span><span class=\"shariff-text\">teilen<\/span>&nbsp;<\/a><\/li><li class=\"shariff-button twitter shariff-nocustomcolor\" style=\"background-color:#595959\"><a href=\"https:\/\/twitter.com\/share?url=https%3A%2F%2Fsiegberg.org%2Findex.php%2Fueber-uns%2F&text=%C3%9Cber%20uns\" title=\"Bei X teilen\" aria-label=\"Bei X teilen\" role=\"button\" rel=\"noopener nofollow\" class=\"shariff-link\" style=\"; background-color:#000; color:#fff\" target=\"_blank\"><span class=\"shariff-icon\" style=\"\"><svg width=\"32px\" height=\"20px\" xmlns=\"http:\/\/www.w3.org\/2000\/svg\" viewBox=\"0 0 24 24\"><path fill=\"#000\" d=\"M14.258 10.152L23.176 0h-2.113l-7.747 8.813L7.133 0H0l9.352 13.328L0 23.973h2.113l8.176-9.309 6.531 9.309h7.133zm-2.895 3.293l-.949-1.328L2.875 1.56h3.246l6.086 8.523.945 1.328 7.91 11.078h-3.246zm0 0\"\/><\/svg><\/span><span class=\"shariff-text\">teilen<\/span>&nbsp;<\/a><\/li><\/ul><\/div>","protected":false},"excerpt":{"rendered":"<p>Die Siegberg Dornbirn wurde 1907 gegr\u00fcndet und ist eine Mittelschulverbindung. Bei einer Verbindung kann man Verantwortung \u00fcbernehmen, eigene Ideen einbringen und viele neue Freundschaften kn\u00fcpfen. Unser Semesterprogramm beinhaltet unterschiedliche Veranstaltungen: Ausfl\u00fcge, Partys, Vortr\u00e4ge, Filmabende und vieles mehr. Unsere StudentenInnen und bereits berufst\u00e4tigen Mitglieder stehen der j\u00fcngeren Generation stets mit Rat und Tat zu Seite. Die &hellip; <\/p>\n<p class=\"link-more\"><a href=\"https:\/\/siegberg.org\/index.php\/ueber-uns\/\" class=\"more-link\">Continue reading<span class=\"screen-reader-text\"> &#8222;\u00dcber uns&#8220;<\/span><\/a><\/p>\n","protected":false},"author":1,"featured_media":0,"parent":0,"menu_order":0,"comment_status":"closed","ping_status":"closed","template":"","meta":{"ngg_post_thumbnail":0},"_links":{"self":[{"href":"https:\/\/siegberg.org\/index.php\/wp-json\/wp\/v2\/pages\/12"}],"collection":[{"href":"https:\/\/siegberg.org\/index.php\/wp-json\/wp\/v2\/pages"}],"about":[{"href":"https:\/\/siegberg.org\/index.php\/wp-json\/wp\/v2\/types\/page"}],"author":[{"embeddable":true,"href":"https:\/\/siegberg.org\/index.php\/wp-json\/wp\/v2\/users\/1"}],"replies":[{"embeddable":true,"href":"https:\/\/siegberg.org\/index.php\/wp-json\/wp\/v2\/comments?post=12"}],"version-history":[{"count":2,"href":"https:\/\/siegberg.org\/index.php\/wp-json\/wp\/v2\/pages\/12\/revisions"}],"predecessor-version":[{"id":3049,"href":"https:\/\/siegberg.org\/index.php\/wp-json\/wp\/v2\/pages\/12\/revisions\/3049"}],"wp:attachment":[{"href":"https:\/\/siegberg.org\/index.php\/wp-json\/wp\/v2\/media?parent=12"}],"curies":[{"name":"wp","href":"https:\/\/api.w.org\/{rel}","templated":true}]}}